{"id":683982,"date":"2024-03-12T15:55:35","date_gmt":"2024-03-12T14:55:35","guid":{"rendered":"https:\/\/www.uges-isere.fr\/?page_id=683982"},"modified":"2024-10-31T12:57:07","modified_gmt":"2024-10-31T11:57:07","slug":"initiatives-locales-2023-canton-oisans-romanche","status":"publish","type":"page","link":"https:\/\/www.uges-isere.fr\/index.php\/initiatives-locales-2023-canton-oisans-romanche\/","title":{"rendered":"Initiatives locales 2023 \u2013 Canton Oisans-Romanche"},"content":{"rendered":"\n<p><strong>Retrouvez ici les subventions accord\u00e9es aux associations par vos conseillers d\u00e9partementaux du canton Oisans-Romanche en 2023, dans le cadre des initiatives locales.<\/strong><\/p>\n\n\n\n<p><em>Mars 2023 <\/em><\/p>\n\n\n\n<ul class=\"wp-block-list\">\n<li>L&rsquo;<strong>Association des agriculteurs de Saint-Martin d&rsquo;Uriage<\/strong> (A.D.A.S.M.U.) pour l&rsquo;organisation de la foire agricole 2023 du Pinet d&rsquo;Uriage : 1 500,00 \u20ac<\/li>\n\n\n\n<li>L&rsquo;association <strong>\u00ab\u00a0Courants d&rsquo;arts\u00a0\u00bb<\/strong> pour l&rsquo;organisation du festival Jazz&rsquo;Alp 2023 : 1 400,00 \u20ac<\/li>\n\n\n\n<li>L&rsquo;association <strong>\u00ab\u00a0Les Estivales du Freney\u00a0\u00bb<\/strong> pour l&rsquo;organisation des \u00ab\u00a0Estivales du Freney\u00a0\u00bb 2023 : 2 000,00 \u20ac<\/li>\n\n\n\n<li>Le <strong>Comit\u00e9 de Vizille du Secours populaire fran\u00e7ais<\/strong> pour une aide au fonctionnement : 1 000,00 \u20ac<\/li>\n<\/ul>\n\n\n\n<p><em>Avril 2023<\/em><\/p>\n\n\n\n<ul class=\"wp-block-list\">\n<li><strong>L&rsquo;\u00e9cole primaire du Bourg \u00e0 Vaulnaveys-le-Bas <\/strong>pour l&rsquo;organisation d\u00a0\u00bbun s\u00e9jour nature \u00e0 l&rsquo;Alpe du Grand Serre : 1 500,00 \u20ac<\/li>\n\n\n\n<li><strong>L&rsquo;\u00e9cole \u00e9l\u00e9mentaire Joliot Curie de Vizille<\/strong> pour l&rsquo;organisation d&rsquo;un voyage scolaire en Auvergne : 2 000,00 \u20ac<\/li>\n\n\n\n<li>L&rsquo;association <strong>\u00ab\u00a0P&rsquo;tits club de l&rsquo;Alpe du Grand Serre\u00a0\u00bb<\/strong> pour la mise en place d&rsquo;une nouvelle glisse intitul\u00e9e \u00ab\u00a0le Yooner\u00a0\u00bb : 1 500,00 \u20ac<\/li>\n\n\n\n<li>La <strong>Maison d&rsquo;assistants maternels B\u00e9b\u00e9 rose et Menthe \u00e0 l&rsquo;eau de Saint-Barth\u00e9l\u00e9my-de-S\u00e9chilienne<\/strong> pour une aide au fonctionnement : 800,00 \u20ac<\/li>\n\n\n\n<li>L&rsquo;<strong>Association de la Gaule de S\u00e9chilienne<\/strong> pour leur projet de sensibilisation \u00e0 la nature, \u00e0 l&rsquo;eau et \u00e0 la faune aquatique \u00e0 destination des enfants : 800,00 \u20ac<\/li>\n\n\n\n<li>L<strong>&lsquo;Office municipal des sports de Vizille<\/strong> pour une aide au fonctionnement : 2 000,00 \u20ac<\/li>\n\n\n\n<li>L&rsquo;association <strong>\u00ab\u00a0Harmonie de Vizille\u00a0\u00bb<\/strong> pour l&rsquo;organisation du 150\u00e8me anniversaire de leur association : 1 500,00 \u20ac<\/li>\n<\/ul>\n\n\n\n<p>Mai 2023<\/p>\n\n\n\n<ul class=\"wp-block-list\">\n<li>L&rsquo;association<strong> \u00ab\u00a0L&rsquo;arc-en-ciel du Haut-Oisans\u00a0\u00bb <\/strong>pour une aide au fonctionnement : 800,00 \u20ac<\/li>\n\n\n\n<li>L&rsquo;association <strong>\u00ab\u00a0Nemeton &#8211; le Biolab de Grenoble\u00a0\u00bb<\/strong> pour un projet de sensibilisation \u00e0 la protection de l&rsquo;environnement lors d&rsquo;une exp\u00e9dition avec des adolescents issus de milieux populaires dans les montagnes de Chamrousse : 1 000,00 \u20ac<\/li>\n\n\n\n<li><strong>L&rsquo;Union sportive de Vizille &#8211; ski<\/strong> pour une aide au fonctionnement : 1 000,00 \u20ac<\/li>\n<\/ul>\n\n\n\n<p><em>Juillet 2023<\/em><\/p>\n\n\n\n<ul class=\"wp-block-list\">\n<li>L&rsquo;association<strong> \u00ab\u00a0La navette mortillone\u00a0\u00bb (La Morte<\/strong>) pour une aide au fonctionnement : 1 500,00 \u20ac<\/li>\n\n\n\n<li>L&rsquo;association <strong>\u00ab\u00a0Saint Martin-d&rsquo;Uriage handball\u00a0\u00bb <\/strong>pour leur participation \u00e0 un tournoi international au Danemark pour les cat\u00e9gories M13 et M15 : 2 000,00 \u20ac<\/li>\n\n\n\n<li>L&rsquo;association <strong>\u00ab\u00a0Belledonne solidaire &#8211; accueil et soutien de r\u00e9fugi\u00e9s et de personnes en d\u00e9tresse\u00a0\u00bb<\/strong> pour une aide au fonctionnement : 2 000,00 \u20ac<\/li>\n\n\n\n<li>Le <strong>Comit\u00e9 d\u00e9partemental handisport Is\u00e8re<\/strong> pour l&rsquo;organisation des championnats de France handisport 2023 \u00e0 Chamrousse : 400,00 \u20ac<\/li>\n\n\n\n<li>L&rsquo;association<strong> \u00ab\u00a0Les amis de l&rsquo;orgue de Vizille\u00a0\u00bb <\/strong>pour une aide au fonctionnement : 1 500,00 \u20ac<\/li>\n\n\n\n<li>L&rsquo;<strong>Etoile sportive de Vaulnaveys Rugby<\/strong> pour l&rsquo;organisation du cinquantenaire du club : 1 500,00 \u20ac<\/li>\n\n\n\n<li>Le <strong>Club Saint-Laurent du lac (Allemond) <\/strong>pour une aide au fonctionnement 1 000,00 \u20ac<\/li>\n\n\n\n<li>La <strong>\u00ab\u00a0Compagnie Acour\u00a0\u00bb <\/strong>pour l&rsquo;organisation de repr\u00e9sentations dans le cadre du projet \u00ab\u00a0l&rsquo;appel de la Romanche\u00a0\u00bb : 1 000,00 \u20ac<\/li>\n\n\n\n<li>L&rsquo;<strong>association \u00ab\u00a0Travers\u00e9es\u00a0\u00bb (<\/strong>Saint-Christophe-en-Oisans) pour l&rsquo;organisation de trois projets en 2023 : 1 500,00 \u20ac<\/li>\n\n\n\n<li>Le<strong> Ski club de l&rsquo;Alpe-d&rsquo;Huez <\/strong>pour une aide au fonctionnement : 1 000,00 \u20ac<\/li>\n\n\n\n<li><strong>Les amis de l&rsquo;histoire du Pays vizillois<\/strong> pour une aide au fonctionnement : 1 500,00 \u20ac<\/li>\n<\/ul>\n\n\n\n<p><em>Septembre 2023<\/em><\/p>\n\n\n\n<ul class=\"wp-block-list\">\n<li>L&rsquo;association <strong>\u00ab\u00a0Airsoft Oisans\u00a0\u00bb <\/strong>pour une aide au fonctionnement : 800,00 \u20ac<\/li>\n<\/ul>\n\n\n\n<p><em>Novembre 2023<\/em><\/p>\n\n\n\n<ul class=\"wp-block-list\">\n<li>L&rsquo;association<strong> \u00ab\u00a0AlterEgaux.Is\u00e8re\u00a0\u00bb  <\/strong>pour l&rsquo;organisation de la comm\u00e9moration 2023 de la journ\u00e9e nationale des m\u00e9moires de la traite, de l&rsquo;esclavage et de leurs abolitions : 500,00 \u20ac<\/li>\n\n\n\n<li>L&rsquo;association <strong>\u00ab\u00a0Deconfimix\u00a0\u00bb <\/strong>pour l&rsquo;organisation du festival \u00ab\u00a0S\u00e9l\u00e9n\u00e9\u00a0\u00bb 2023 \u00e7 Chamrousse :1 100,00 \u20ac<\/li>\n\n\n\n<li>L&rsquo;association<strong> \u00ab\u00a0Oisans solidaire\u00a0\u00bb<\/strong> pour une aide au fonctionnement : 1 131,00 \u20ac<\/li>\n\n\n\n<li>Les <strong>Amis de l&rsquo;histoire du Pays vizillois<\/strong> pour la Cr\u00e9ation d&rsquo;une maquette du prieur\u00e9 de Vizille : 1 000,00 \u20ac<\/li>\n\n\n\n<li>L&rsquo;association <strong>\u00ab\u00a0Patrimoine d&rsquo;avenir dans la moyenne vall\u00e9e de la Romanche\u00a0\u00bb<\/strong> pour l&rsquo;organisation du 10\u00e8me anniversaire de l&rsquo;association : 1 000,00 \u20ac<\/li>\n<\/ul>\n","protected":false},"excerpt":{"rendered":"<p>Retrouvez ici les subventions accord\u00e9es aux associations par vos conseillers d\u00e9partementaux du canton Oisans-Romanche en 2023, dans le &hellip; <\/p>\n","protected":false},"author":8,"featured_media":0,"parent":0,"menu_order":0,"comment_status":"closed","ping_status":"closed","template":"","meta":{"_mc_calendar":[],"footnotes":""},"class_list":["post-683982","page","type-page","status-publish","hentry"],"yoast_head":"<!-- This site is optimized with the Yoast SEO plugin v27.5 - https:\/\/yoast.com\/product\/yoast-seo-wordpress\/ -->\n<title>Initiatives locales 2023 \u2013 Canton Oisans-Romanche - D\u00e9partement de l&#039;Is\u00e8re<\/title>\n<meta name=\"robots\" content=\"index, follow, max-snippet:-1, max-image-preview:large, max-video-preview:-1\" \/>\n<link rel=\"canonical\" href=\"https:\/\/www.uges-isere.fr\/index.php\/initiatives-locales-2023-canton-oisans-romanche\/\" \/>\n<meta property=\"og:locale\" content=\"fr_FR\" \/>\n<meta property=\"og:type\" content=\"article\" \/>\n<meta property=\"og:title\" content=\"Initiatives locales 2023 \u2013 Canton Oisans-Romanche - D\u00e9partement de l&#039;Is\u00e8re\" \/>\n<meta property=\"og:description\" content=\"Retrouvez ici les subventions accord\u00e9es aux associations par vos conseillers d\u00e9partementaux du canton Oisans-Romanche en 2023, dans le &hellip;\" \/>\n<meta property=\"og:url\" content=\"https:\/\/www.uges-isere.fr\/index.php\/initiatives-locales-2023-canton-oisans-romanche\/\" \/>\n<meta property=\"og:site_name\" content=\"D\u00e9partement de l&#039;Is\u00e8re\" \/>\n<meta property=\"article:publisher\" content=\"https:\/\/www.facebook.com\/LePrintemps38\" \/>\n<meta property=\"article:modified_time\" content=\"2024-10-31T11:57:07+00:00\" \/>\n<meta name=\"twitter:card\" content=\"summary_large_image\" \/>\n<meta name=\"twitter:site\" content=\"@GroupeUGES38\" \/>\n<meta name=\"twitter:label1\" content=\"Dur\u00e9e de lecture estim\u00e9e\" \/>\n\t<meta name=\"twitter:data1\" content=\"3 minutes\" \/>\n<script type=\"application\/ld+json\" class=\"yoast-schema-graph\">{\"@context\":\"https:\\\/\\\/schema.org\",\"@graph\":[{\"@type\":\"WebPage\",\"@id\":\"https:\\\/\\\/www.uges-isere.fr\\\/index.php\\\/initiatives-locales-2023-canton-oisans-romanche\\\/\",\"url\":\"https:\\\/\\\/www.uges-isere.fr\\\/index.php\\\/initiatives-locales-2023-canton-oisans-romanche\\\/\",\"name\":\"Initiatives locales 2023 \u2013 Canton Oisans-Romanche - D\u00e9partement de l&#039;Is\u00e8re\",\"isPartOf\":{\"@id\":\"https:\\\/\\\/www.uges-isere.fr\\\/#website\"},\"datePublished\":\"2024-03-12T14:55:35+00:00\",\"dateModified\":\"2024-10-31T11:57:07+00:00\",\"breadcrumb\":{\"@id\":\"https:\\\/\\\/www.uges-isere.fr\\\/index.php\\\/initiatives-locales-2023-canton-oisans-romanche\\\/#breadcrumb\"},\"inLanguage\":\"fr-FR\",\"potentialAction\":[{\"@type\":\"ReadAction\",\"target\":[\"https:\\\/\\\/www.uges-isere.fr\\\/index.php\\\/initiatives-locales-2023-canton-oisans-romanche\\\/\"]}]},{\"@type\":\"BreadcrumbList\",\"@id\":\"https:\\\/\\\/www.uges-isere.fr\\\/index.php\\\/initiatives-locales-2023-canton-oisans-romanche\\\/#breadcrumb\",\"itemListElement\":[{\"@type\":\"ListItem\",\"position\":1,\"name\":\"Accueil\",\"item\":\"https:\\\/\\\/www.uges-isere.fr\\\/\"},{\"@type\":\"ListItem\",\"position\":2,\"name\":\"Initiatives locales 2023 \u2013 Canton Oisans-Romanche\"}]},{\"@type\":\"WebSite\",\"@id\":\"https:\\\/\\\/www.uges-isere.fr\\\/#website\",\"url\":\"https:\\\/\\\/www.uges-isere.fr\\\/\",\"name\":\"D\u00e9partement de l&#039;Is\u00e8re\",\"description\":\"Groupe d&#039;opposition UGES\",\"publisher\":{\"@id\":\"https:\\\/\\\/www.uges-isere.fr\\\/#organization\"},\"potentialAction\":[{\"@type\":\"SearchAction\",\"target\":{\"@type\":\"EntryPoint\",\"urlTemplate\":\"https:\\\/\\\/www.uges-isere.fr\\\/?s={search_term_string}\"},\"query-input\":{\"@type\":\"PropertyValueSpecification\",\"valueRequired\":true,\"valueName\":\"search_term_string\"}}],\"inLanguage\":\"fr-FR\"},{\"@type\":\"Organization\",\"@id\":\"https:\\\/\\\/www.uges-isere.fr\\\/#organization\",\"name\":\"D\u00e9partement de l'Is\u00e8re\",\"url\":\"https:\\\/\\\/www.uges-isere.fr\\\/\",\"logo\":{\"@type\":\"ImageObject\",\"inLanguage\":\"fr-FR\",\"@id\":\"https:\\\/\\\/www.uges-isere.fr\\\/#\\\/schema\\\/logo\\\/image\\\/\",\"url\":\"https:\\\/\\\/www.uges-isere.fr\\\/wp-content\\\/uploads\\\/2021\\\/10\\\/logo-ok.png\",\"contentUrl\":\"https:\\\/\\\/www.uges-isere.fr\\\/wp-content\\\/uploads\\\/2021\\\/10\\\/logo-ok.png\",\"width\":2859,\"height\":1816,\"caption\":\"D\u00e9partement de l'Is\u00e8re\"},\"image\":{\"@id\":\"https:\\\/\\\/www.uges-isere.fr\\\/#\\\/schema\\\/logo\\\/image\\\/\"},\"sameAs\":[\"https:\\\/\\\/www.facebook.com\\\/LePrintemps38\",\"https:\\\/\\\/x.com\\\/GroupeUGES38\"]}]}<\/script>\n<!-- \/ Yoast SEO plugin. -->","yoast_head_json":{"title":"Initiatives locales 2023 \u2013 Canton Oisans-Romanche - D\u00e9partement de l&#039;Is\u00e8re","robots":{"index":"index","follow":"follow","max-snippet":"max-snippet:-1","max-image-preview":"max-image-preview:large","max-video-preview":"max-video-preview:-1"},"canonical":"https:\/\/www.uges-isere.fr\/index.php\/initiatives-locales-2023-canton-oisans-romanche\/","og_locale":"fr_FR","og_type":"article","og_title":"Initiatives locales 2023 \u2013 Canton Oisans-Romanche - D\u00e9partement de l&#039;Is\u00e8re","og_description":"Retrouvez ici les subventions accord\u00e9es aux associations par vos conseillers d\u00e9partementaux du canton Oisans-Romanche en 2023, dans le &hellip;","og_url":"https:\/\/www.uges-isere.fr\/index.php\/initiatives-locales-2023-canton-oisans-romanche\/","og_site_name":"D\u00e9partement de l&#039;Is\u00e8re","article_publisher":"https:\/\/www.facebook.com\/LePrintemps38","article_modified_time":"2024-10-31T11:57:07+00:00","twitter_card":"summary_large_image","twitter_site":"@GroupeUGES38","twitter_misc":{"Dur\u00e9e de lecture estim\u00e9e":"3 minutes"},"schema":{"@context":"https:\/\/schema.org","@graph":[{"@type":"WebPage","@id":"https:\/\/www.uges-isere.fr\/index.php\/initiatives-locales-2023-canton-oisans-romanche\/","url":"https:\/\/www.uges-isere.fr\/index.php\/initiatives-locales-2023-canton-oisans-romanche\/","name":"Initiatives locales 2023 \u2013 Canton Oisans-Romanche - D\u00e9partement de l&#039;Is\u00e8re","isPartOf":{"@id":"https:\/\/www.uges-isere.fr\/#website"},"datePublished":"2024-03-12T14:55:35+00:00","dateModified":"2024-10-31T11:57:07+00:00","breadcrumb":{"@id":"https:\/\/www.uges-isere.fr\/index.php\/initiatives-locales-2023-canton-oisans-romanche\/#breadcrumb"},"inLanguage":"fr-FR","potentialAction":[{"@type":"ReadAction","target":["https:\/\/www.uges-isere.fr\/index.php\/initiatives-locales-2023-canton-oisans-romanche\/"]}]},{"@type":"BreadcrumbList","@id":"https:\/\/www.uges-isere.fr\/index.php\/initiatives-locales-2023-canton-oisans-romanche\/#breadcrumb","itemListElement":[{"@type":"ListItem","position":1,"name":"Accueil","item":"https:\/\/www.uges-isere.fr\/"},{"@type":"ListItem","position":2,"name":"Initiatives locales 2023 \u2013 Canton Oisans-Romanche"}]},{"@type":"WebSite","@id":"https:\/\/www.uges-isere.fr\/#website","url":"https:\/\/www.uges-isere.fr\/","name":"D\u00e9partement de l&#039;Is\u00e8re","description":"Groupe d&#039;opposition UGES","publisher":{"@id":"https:\/\/www.uges-isere.fr\/#organization"},"potentialAction":[{"@type":"SearchAction","target":{"@type":"EntryPoint","urlTemplate":"https:\/\/www.uges-isere.fr\/?s={search_term_string}"},"query-input":{"@type":"PropertyValueSpecification","valueRequired":true,"valueName":"search_term_string"}}],"inLanguage":"fr-FR"},{"@type":"Organization","@id":"https:\/\/www.uges-isere.fr\/#organization","name":"D\u00e9partement de l'Is\u00e8re","url":"https:\/\/www.uges-isere.fr\/","logo":{"@type":"ImageObject","inLanguage":"fr-FR","@id":"https:\/\/www.uges-isere.fr\/#\/schema\/logo\/image\/","url":"https:\/\/www.uges-isere.fr\/wp-content\/uploads\/2021\/10\/logo-ok.png","contentUrl":"https:\/\/www.uges-isere.fr\/wp-content\/uploads\/2021\/10\/logo-ok.png","width":2859,"height":1816,"caption":"D\u00e9partement de l'Is\u00e8re"},"image":{"@id":"https:\/\/www.uges-isere.fr\/#\/schema\/logo\/image\/"},"sameAs":["https:\/\/www.facebook.com\/LePrintemps38","https:\/\/x.com\/GroupeUGES38"]}]}},"_links":{"self":[{"href":"https:\/\/www.uges-isere.fr\/index.php\/wp-json\/wp\/v2\/pages\/683982","targetHints":{"allow":["GET"]}}],"collection":[{"href":"https:\/\/www.uges-isere.fr\/index.php\/wp-json\/wp\/v2\/pages"}],"about":[{"href":"https:\/\/www.uges-isere.fr\/index.php\/wp-json\/wp\/v2\/types\/page"}],"author":[{"embeddable":true,"href":"https:\/\/www.uges-isere.fr\/index.php\/wp-json\/wp\/v2\/users\/8"}],"replies":[{"embeddable":true,"href":"https:\/\/www.uges-isere.fr\/index.php\/wp-json\/wp\/v2\/comments?post=683982"}],"version-history":[{"count":5,"href":"https:\/\/www.uges-isere.fr\/index.php\/wp-json\/wp\/v2\/pages\/683982\/revisions"}],"predecessor-version":[{"id":684215,"href":"https:\/\/www.uges-isere.fr\/index.php\/wp-json\/wp\/v2\/pages\/683982\/revisions\/684215"}],"wp:attachment":[{"href":"https:\/\/www.uges-isere.fr\/index.php\/wp-json\/wp\/v2\/media?parent=683982"}],"curies":[{"name":"wp","href":"https:\/\/api.w.org\/{rel}","templated":true}]}}